{"id":987498922,"date":"2023-06-12T17:30:56","date_gmt":"2023-06-12T15:30:56","guid":{"rendered":"https:\/\/albian.es\/duchas-agua\/"},"modified":"2025-03-03T22:11:25","modified_gmt":"2025-03-03T21:11:25","slug":"water-shower","status":"publish","type":"page","link":"https:\/\/albian.es\/en\/water-shower\/","title":{"rendered":"Water Shower"},"content":{"rendered":"<p>[et_pb_section fb_built=&#8221;1&#8243; _builder_version=&#8221;4.20.4&#8243; _module_preset=&#8221;default&#8221; global_colors_info=&#8221;{}&#8221;][et_pb_row column_structure=&#8221;3_5,2_5&#8243; _builder_version=&#8221;4.20.4&#8243; _module_preset=&#8221;default&#8221; custom_padding=&#8221;0px|||||&#8221; global_colors_info=&#8221;{}&#8221;][et_pb_column type=&#8221;3_5&#8243; _builder_version=&#8221;4.20.4&#8243; _module_preset=&#8221;default&#8221; global_colors_info=&#8221;{}&#8221;][et_pb_text _builder_version=&#8221;4.27.4&#8243; _module_preset=&#8221;default&#8221; text_font=&#8221;|300|||||||&#8221; text_text_color=&#8221;gcid-3339e92a-edfd-4272-bb8f-f7f19d1e01ae&#8221; text_font_size=&#8221;13px&#8221; custom_margin=&#8221;||25px||false|false&#8221; border_width_bottom=&#8221;1px&#8221; border_color_bottom=&#8221;#96c121&#8243; border_style_bottom=&#8221;dotted&#8221; global_colors_info=&#8221;{%22gcid-3339e92a-edfd-4272-bb8f-f7f19d1e01ae%22:%91%22text_text_color%22%93}&#8221;]<\/p>\n<p><span>IN-HOUSE MANUFACTURE | EQUIPMENT | DECONTAMINATION SHOWERS<\/span><\/p>\n<p>[\/et_pb_text][et_pb_blurb title=&#8221;WATER SHOWER&#8221; image=&#8221;https:\/\/albian.es\/wp-content\/uploads\/iconos-albian-25.webp&#8221; icon_placement=&#8221;left&#8221; content_max_width=&#8221;100%&#8221; _builder_version=&#8221;4.27.4&#8243; _module_preset=&#8221;default&#8221; header_font=&#8221;Titillium Web|600|||||||&#8221; header_text_color=&#8221;gcid-3339e92a-edfd-4272-bb8f-f7f19d1e01ae&#8221; header_font_size=&#8221;29px&#8221; module_alignment=&#8221;left&#8221; animation=&#8221;off&#8221; global_colors_info=&#8221;{%22gcid-3339e92a-edfd-4272-bb8f-f7f19d1e01ae%22:%91%22header_text_color%22%93}&#8221;]<\/p>\n<p><span>RLM \u2013 650 \u2013 Pass Through automatic water decontamination shower cabin, specially designed as an entry and exit barrier for personnel in controlled contamination areas, biosafety laboratories, animal facilities\u2026 It is designed in compliance with all European safety regulations and with CE marking.<\/span><\/p>\n<p>[\/et_pb_blurb][et_pb_blurb title=&#8221;Description&#8221; icon_placement=&#8221;left&#8221; image_icon_width=&#8221;70%&#8221; content_max_width=&#8221;100%&#8221; _builder_version=&#8221;4.27.4&#8243; _module_preset=&#8221;default&#8221; header_text_color=&#8221;#071689&#8243; header_font_size=&#8221;21px&#8221; header_line_height=&#8221;1.1em&#8221; width=&#8221;100%&#8221; custom_padding=&#8221;||6px||false|false&#8221; animation=&#8221;off&#8221; border_color_all=&#8221;#7CDA24&#8243; border_width_bottom=&#8221;1px&#8221; border_color_bottom=&#8221;#96c121&#8243; border_style_bottom=&#8221;dotted&#8221; global_colors_info=&#8221;{}&#8221;][\/et_pb_blurb][et_pb_text _builder_version=&#8221;4.27.4&#8243; _module_preset=&#8221;default&#8221; global_colors_info=&#8221;{}&#8221;]<\/p>\n<p>The fully automated cabin aids the entry and exit of personnel in bio-security laboratories, animal rooms and SPF areas. The equipment is designed according to all European safety standards and with the CE mark. The shower is installed on a self-supporting frame for easy installation. It can also be easily adapted to clean room construction systems or any other type of modular construction.<\/p>\n<p>The shower has glass doors closed with safety systems for unlocking from inside and outside. The cabin has a ventilation system consisting of the fan system and electric heating to guarantee the drying cycle when the shower cycle is complete. The shower cycles, time and water temperature can be programmed. The purge system configured in the cycle ensures the exit temperature.<\/p>\n<p>* Special option for <strong>BIOSAFETY<\/strong> installations.<\/p>\n<p>[\/et_pb_text][\/et_pb_column][et_pb_column type=&#8221;2_5&#8243; _builder_version=&#8221;4.20.4&#8243; _module_preset=&#8221;default&#8221; global_colors_info=&#8221;{}&#8221;][et_pb_gallery gallery_ids=&#8221;987494799&#8243; fullwidth=&#8221;on&#8221; _builder_version=&#8221;4.20.4&#8243; _module_preset=&#8221;default&#8221; custom_padding=&#8221;50px|||||&#8221; auto=&#8221;on&#8221; auto_speed=&#8221;4000&#8243; global_colors_info=&#8221;{}&#8221;][\/et_pb_gallery][et_pb_blurb title=&#8221;Main advantages&#8221; icon_placement=&#8221;left&#8221; image_icon_width=&#8221;70%&#8221; content_max_width=&#8221;100%&#8221; _builder_version=&#8221;4.27.4&#8243; _module_preset=&#8221;default&#8221; header_text_color=&#8221;#071689&#8243; header_font_size=&#8221;21px&#8221; header_line_height=&#8221;1.1em&#8221; width=&#8221;100%&#8221; custom_padding=&#8221;||6px||false|false&#8221; animation=&#8221;off&#8221; border_color_bottom=&#8221;#98caec&#8221; border_style_bottom=&#8221;dotted&#8221; global_colors_info=&#8221;{}&#8221;]<\/p>\n<p><span>Self-supporting equipment, easy to install.<\/span><br \/><span>Interior lighting to identify the status of the cycle.<\/span><\/p>\n<p>[\/et_pb_blurb][et_pb_contact_form email=&#8221;marketing@albian.es&#8221; title=&#8221;Solicitar m\u00e1s informaci\u00f3n&#8221; custom_message=&#8221;De: %%Name%%||et_pb_line_break_holder||Empresa: %%Empresa%%||et_pb_line_break_holder||Pa\u00eds: %%Pais%%||et_pb_line_break_holder||Tel\u00e9fono:%%Telefono%%||et_pb_line_break_holder||Email:%%Email%%||et_pb_line_break_holder||Mensaje:%%Message%%&#8221; success_message=&#8221;consulta recibida, nos pondremos en contacto lo antes posible&#8221; _builder_version=&#8221;4.27.4&#8243; _module_preset=&#8221;default&#8221; _unique_id=&#8221;abc3a54e-ab5f-4016-8404-7b7447864056&#8243; form_field_text_color=&#8221;#071689&#8243; form_field_focus_background_color=&#8221;#D6D6D6&#8243; form_field_focus_text_color=&#8221;#000000&#8243; title_text_color=&#8221;gcid-3339e92a-edfd-4272-bb8f-f7f19d1e01ae&#8221; title_font_size=&#8221;18px&#8221; captcha_text_color=&#8221;gcid-3339e92a-edfd-4272-bb8f-f7f19d1e01ae&#8221; custom_button=&#8221;on&#8221; button_text_size=&#8221;16px&#8221; button_text_color=&#8221;#FFFFFF&#8221; button_bg_color=&#8221;#96c121&#8243; button_border_width=&#8221;1px&#8221; button_border_color=&#8221;#96c121&#8243; button_border_radius=&#8221;40px&#8221; button_font=&#8221;|700||on|||||&#8221; button_icon=&#8221;&#x49;||divi||400&#8243; button_icon_placement=&#8221;left&#8221; button_on_hover=&#8221;off&#8221; custom_css_text_field=&#8221;color: #2e376b;||&#8221; saved_tabs=&#8221;all&#8221; global_colors_info=&#8221;{%22gcid-3339e92a-edfd-4272-bb8f-f7f19d1e01ae%22:%91%22title_text_color%22,%22captcha_text_color%22%93}&#8221;][et_pb_contact_field field_id=&#8221;Name&#8221; field_title=&#8221;Nombre&#8221; _builder_version=&#8221;4.20.4&#8243; global_colors_info=&#8221;{}&#8221; button_text_size__hover_enabled=&#8221;off&#8221; button_one_text_size__hover_enabled=&#8221;off&#8221; button_two_text_size__hover_enabled=&#8221;off&#8221; button_text_color__hover_enabled=&#8221;off&#8221; button_one_text_color__hover_enabled=&#8221;off&#8221; button_two_text_color__hover_enabled=&#8221;off&#8221; button_border_width__hover_enabled=&#8221;off&#8221; button_one_border_width__hover_enabled=&#8221;off&#8221; button_two_border_width__hover_enabled=&#8221;off&#8221; button_border_color__hover_enabled=&#8221;off&#8221; button_one_border_color__hover_enabled=&#8221;off&#8221; button_two_border_color__hover_enabled=&#8221;off&#8221; button_border_radius__hover_enabled=&#8221;off&#8221; button_one_border_radius__hover_enabled=&#8221;off&#8221; button_two_border_radius__hover_enabled=&#8221;off&#8221; button_letter_spacing__hover_enabled=&#8221;off&#8221; button_one_letter_spacing__hover_enabled=&#8221;off&#8221; button_two_letter_spacing__hover_enabled=&#8221;off&#8221; button_bg_color__hover_enabled=&#8221;off&#8221; button_one_bg_color__hover_enabled=&#8221;off&#8221; button_two_bg_color__hover_enabled=&#8221;off&#8221;][\/et_pb_contact_field][et_pb_contact_field field_id=&#8221;Empresa&#8221; field_title=&#8221;Empresa&#8221; _builder_version=&#8221;4.20.4&#8243; global_colors_info=&#8221;{}&#8221; button_text_size__hover_enabled=&#8221;off&#8221; button_one_text_size__hover_enabled=&#8221;off&#8221; button_two_text_size__hover_enabled=&#8221;off&#8221; button_text_color__hover_enabled=&#8221;off&#8221; button_one_text_color__hover_enabled=&#8221;off&#8221; button_two_text_color__hover_enabled=&#8221;off&#8221; button_border_width__hover_enabled=&#8221;off&#8221; button_one_border_width__hover_enabled=&#8221;off&#8221; button_two_border_width__hover_enabled=&#8221;off&#8221; button_border_color__hover_enabled=&#8221;off&#8221; button_one_border_color__hover_enabled=&#8221;off&#8221; button_two_border_color__hover_enabled=&#8221;off&#8221; button_border_radius__hover_enabled=&#8221;off&#8221; button_one_border_radius__hover_enabled=&#8221;off&#8221; button_two_border_radius__hover_enabled=&#8221;off&#8221; button_letter_spacing__hover_enabled=&#8221;off&#8221; button_one_letter_spacing__hover_enabled=&#8221;off&#8221; button_two_letter_spacing__hover_enabled=&#8221;off&#8221; button_bg_color__hover_enabled=&#8221;off&#8221; button_one_bg_color__hover_enabled=&#8221;off&#8221; button_two_bg_color__hover_enabled=&#8221;off&#8221;][\/et_pb_contact_field][et_pb_contact_field field_id=&#8221;Pais&#8221; field_title=&#8221;Pa\u00eds&#8221; fullwidth_field=&#8221;on&#8221; _builder_version=&#8221;4.21.0&#8243; _module_preset=&#8221;default&#8221; global_colors_info=&#8221;{}&#8221;][\/et_pb_contact_field][et_pb_contact_field field_id=&#8221;Telefono&#8221; field_title=&#8221;Tel\u00e9fono&#8221; required_mark=&#8221;off&#8221; _builder_version=&#8221;4.21.0&#8243; global_colors_info=&#8221;{}&#8221; button_text_size__hover_enabled=&#8221;off&#8221; button_one_text_size__hover_enabled=&#8221;off&#8221; button_two_text_size__hover_enabled=&#8221;off&#8221; button_text_color__hover_enabled=&#8221;off&#8221; button_one_text_color__hover_enabled=&#8221;off&#8221; button_two_text_color__hover_enabled=&#8221;off&#8221; button_border_width__hover_enabled=&#8221;off&#8221; button_one_border_width__hover_enabled=&#8221;off&#8221; button_two_border_width__hover_enabled=&#8221;off&#8221; button_border_color__hover_enabled=&#8221;off&#8221; button_one_border_color__hover_enabled=&#8221;off&#8221; button_two_border_color__hover_enabled=&#8221;off&#8221; button_border_radius__hover_enabled=&#8221;off&#8221; button_one_border_radius__hover_enabled=&#8221;off&#8221; button_two_border_radius__hover_enabled=&#8221;off&#8221; button_letter_spacing__hover_enabled=&#8221;off&#8221; button_one_letter_spacing__hover_enabled=&#8221;off&#8221; button_two_letter_spacing__hover_enabled=&#8221;off&#8221; button_bg_color__hover_enabled=&#8221;off&#8221; button_one_bg_color__hover_enabled=&#8221;off&#8221; button_two_bg_color__hover_enabled=&#8221;off&#8221;][\/et_pb_contact_field][et_pb_contact_field field_id=&#8221;Email&#8221; field_title=&#8221;Direcci\u00f3n de correo electr\u00f3nico&#8221; field_type=&#8221;email&#8221; _builder_version=&#8221;4.16&#8243; global_colors_info=&#8221;{}&#8221; button_text_size__hover_enabled=&#8221;off&#8221; button_one_text_size__hover_enabled=&#8221;off&#8221; button_two_text_size__hover_enabled=&#8221;off&#8221; button_text_color__hover_enabled=&#8221;off&#8221; button_one_text_color__hover_enabled=&#8221;off&#8221; button_two_text_color__hover_enabled=&#8221;off&#8221; button_border_width__hover_enabled=&#8221;off&#8221; button_one_border_width__hover_enabled=&#8221;off&#8221; button_two_border_width__hover_enabled=&#8221;off&#8221; button_border_color__hover_enabled=&#8221;off&#8221; button_one_border_color__hover_enabled=&#8221;off&#8221; button_two_border_color__hover_enabled=&#8221;off&#8221; button_border_radius__hover_enabled=&#8221;off&#8221; button_one_border_radius__hover_enabled=&#8221;off&#8221; button_two_border_radius__hover_enabled=&#8221;off&#8221; button_letter_spacing__hover_enabled=&#8221;off&#8221; button_one_letter_spacing__hover_enabled=&#8221;off&#8221; button_two_letter_spacing__hover_enabled=&#8221;off&#8221; button_bg_color__hover_enabled=&#8221;off&#8221; button_one_bg_color__hover_enabled=&#8221;off&#8221; button_two_bg_color__hover_enabled=&#8221;off&#8221;][\/et_pb_contact_field][et_pb_contact_field field_id=&#8221;Message&#8221; field_title=&#8221;Mensaje&#8221; field_type=&#8221;text&#8221; fullwidth_field=&#8221;on&#8221; _builder_version=&#8221;4.16&#8243; global_colors_info=&#8221;{}&#8221; button_text_size__hover_enabled=&#8221;off&#8221; button_one_text_size__hover_enabled=&#8221;off&#8221; button_two_text_size__hover_enabled=&#8221;off&#8221; button_text_color__hover_enabled=&#8221;off&#8221; button_one_text_color__hover_enabled=&#8221;off&#8221; button_two_text_color__hover_enabled=&#8221;off&#8221; button_border_width__hover_enabled=&#8221;off&#8221; button_one_border_width__hover_enabled=&#8221;off&#8221; button_two_border_width__hover_enabled=&#8221;off&#8221; button_border_color__hover_enabled=&#8221;off&#8221; button_one_border_color__hover_enabled=&#8221;off&#8221; button_two_border_color__hover_enabled=&#8221;off&#8221; button_border_radius__hover_enabled=&#8221;off&#8221; button_one_border_radius__hover_enabled=&#8221;off&#8221; button_two_border_radius__hover_enabled=&#8221;off&#8221; button_letter_spacing__hover_enabled=&#8221;off&#8221; button_one_letter_spacing__hover_enabled=&#8221;off&#8221; button_two_letter_spacing__hover_enabled=&#8221;off&#8221; button_bg_color__hover_enabled=&#8221;off&#8221; button_one_bg_color__hover_enabled=&#8221;off&#8221; button_two_bg_color__hover_enabled=&#8221;off&#8221;][\/et_pb_contact_field][et_pb_contact_field field_id=&#8221;Field_7&#8243; field_type=&#8221;checkbox&#8221; checkbox_options=&#8221;%91{%22value%22:%22Acepto la Pol\u00edtica de Privacidad%22,%22checked%22:0,%22dragID%22:-1,%22link_url%22:%22https:\/\/albian.es\/politica-de-privacidad\/%22,%22link_text%22:%22%22}%93&#8243; fullwidth_field=&#8221;on&#8221; _builder_version=&#8221;4.24.3&#8243; _module_preset=&#8221;default&#8221; global_colors_info=&#8221;{}&#8221;][\/et_pb_contact_field][\/et_pb_contact_form][\/et_pb_column][\/et_pb_row][et_pb_row column_structure=&#8221;1_2,1_2&#8243; make_equal=&#8221;on&#8221; _builder_version=&#8221;4.20.4&#8243; _module_preset=&#8221;default&#8221; global_colors_info=&#8221;{}&#8221;][et_pb_column type=&#8221;1_2&#8243; _builder_version=&#8221;4.20.4&#8243; _module_preset=&#8221;default&#8221; global_colors_info=&#8221;{}&#8221;][et_pb_code _builder_version=&#8221;4.20.4&#8243; _module_preset=&#8221;default&#8221; global_colors_info=&#8221;{}&#8221;]<\/p>\n<style><!-- [et_pb_line_break_holder] -->@media (min-width: 981px) {<!-- [et_pb_line_break_holder] -->  .left-blog-image .et_pb_post .entry-featured-image-url {<!-- [et_pb_line_break_holder] -->    float: left;<!-- [et_pb_line_break_holder] -->    width: 100%;<!-- [et_pb_line_break_holder] -->    max-width: 150px;<!-- [et_pb_line_break_holder] -->    margin: 0 20px 30px 0;<!-- [et_pb_line_break_holder] -->}<!-- [et_pb_line_break_holder] -->  .left-blog-image .et_pb_post {<!-- [et_pb_line_break_holder] -->    margin-bottom: 20px !important;<!-- [et_pb_line_break_holder] -->  }<!-- [et_pb_line_break_holder] -->}<!-- [et_pb_line_break_holder] --><\/style>\n<p>[\/et_pb_code][et_pb_blurb title=&#8221;Projects&#8221; image=&#8221;https:\/\/albian.es\/wp-content\/uploads\/iconos-albian-25.webp&#8221; icon_placement=&#8221;left&#8221; image_icon_width=&#8221;66%&#8221; content_max_width=&#8221;100%&#8221; _builder_version=&#8221;4.27.4&#8243; _module_preset=&#8221;default&#8221; header_text_color=&#8221;gcid-3339e92a-edfd-4272-bb8f-f7f19d1e01ae&#8221; header_font_size=&#8221;20px&#8221; body_font_size=&#8221;18px&#8221; width=&#8221;100%&#8221; custom_padding=&#8221;||6px||false|false&#8221; animation=&#8221;off&#8221; border_width_bottom=&#8221;1px&#8221; border_color_bottom=&#8221;#96c121&#8243; border_style_bottom=&#8221;dotted&#8221; global_colors_info=&#8221;{%22gcid-3339e92a-edfd-4272-bb8f-f7f19d1e01ae%22:%91%22header_text_color%22%93}&#8221;][\/et_pb_blurb][et_pb_blog posts_number=&#8221;2&#8243; include_categories=&#8221;418&#8243; show_author=&#8221;off&#8221; show_date=&#8221;off&#8221; show_categories=&#8221;off&#8221; show_pagination=&#8221;off&#8221; module_class=&#8221;left-blog-image&#8221; _builder_version=&#8221;4.27.4&#8243; _module_preset=&#8221;default&#8221; header_text_color=&#8221;gcid-3339e92a-edfd-4272-bb8f-f7f19d1e01ae&#8221; header_font_size=&#8221;23px&#8221; body_text_color=&#8221;#000000&#8243; meta_font=&#8221;|600|||||||&#8221; meta_text_color=&#8221;#318dde&#8221; custom_margin=&#8221;||30px||false|false&#8221; custom_padding=&#8221;||30px||false|false&#8221; global_colors_info=&#8221;{%22gcid-3339e92a-edfd-4272-bb8f-f7f19d1e01ae%22:%91%22header_text_color%22%93}&#8221;][\/et_pb_blog][et_pb_button button_url=&#8221;@ET-DC@eyJkeW5hbWljIjp0cnVlLCJjb250ZW50IjoicG9zdF9saW5rX3VybF9wYWdlIiwic2V0dGluZ3MiOnsicG9zdF9pZCI6Ijc3MjQifX0=@&#8221; button_text=&#8221;Discover all projects&#8221; button_alignment=&#8221;right&#8221; _builder_version=&#8221;4.27.4&#8243; _dynamic_attributes=&#8221;button_url&#8221; _module_preset=&#8221;default&#8221; custom_button=&#8221;on&#8221; button_text_size=&#8221;16px&#8221; button_border_width=&#8221;1px&#8221; button_border_color=&#8221;#96c121&#8243; button_border_radius=&#8221;30px&#8221; positioning=&#8221;absolute&#8221; position_origin_a=&#8221;bottom_right&#8221; position_origin_f=&#8221;bottom_center&#8221; custom_margin=&#8221;30px||||false|false&#8221; hover_enabled=&#8221;0&#8243; global_colors_info=&#8221;{}&#8221; button_bg_color__hover_enabled=&#8221;on|desktop&#8221; button_bg_color__hover=&#8221;#98caec&#8221; button_bg_enable_color__hover=&#8221;on&#8221; sticky_enabled=&#8221;0&#8243;][\/et_pb_button][\/et_pb_column][et_pb_column type=&#8221;1_2&#8243; _builder_version=&#8221;4.20.4&#8243; _module_preset=&#8221;default&#8221; global_colors_info=&#8221;{}&#8221;][et_pb_code _builder_version=&#8221;4.20.4&#8243; _module_preset=&#8221;default&#8221; global_colors_info=&#8221;{}&#8221;]<\/p>\n<style><!-- [et_pb_line_break_holder] -->@media (min-width: 981px) {<!-- [et_pb_line_break_holder] -->  .left-blog-image .et_pb_post .entry-featured-image-url {<!-- [et_pb_line_break_holder] -->    float: left;<!-- [et_pb_line_break_holder] -->    width: 100%;<!-- [et_pb_line_break_holder] -->    max-width: 150px;<!-- [et_pb_line_break_holder] -->    margin: 0 20px 30px 0;<!-- [et_pb_line_break_holder] -->}<!-- [et_pb_line_break_holder] -->  .left-blog-image .et_pb_post {<!-- [et_pb_line_break_holder] -->    margin-bottom: 20px !important;<!-- [et_pb_line_break_holder] -->  }<!-- [et_pb_line_break_holder] -->}<!-- [et_pb_line_break_holder] --><\/style>\n<p>[\/et_pb_code][et_pb_blurb title=&#8221;News&#8221; image=&#8221;https:\/\/albian.es\/wp-content\/uploads\/iconos-albian-25.webp&#8221; icon_placement=&#8221;left&#8221; image_icon_width=&#8221;66%&#8221; content_max_width=&#8221;100%&#8221; _builder_version=&#8221;4.27.4&#8243; _module_preset=&#8221;default&#8221; header_text_color=&#8221;gcid-3339e92a-edfd-4272-bb8f-f7f19d1e01ae&#8221; header_font_size=&#8221;20px&#8221; body_font_size=&#8221;18px&#8221; width=&#8221;100%&#8221; custom_padding=&#8221;||6px||false|false&#8221; animation=&#8221;off&#8221; border_width_bottom=&#8221;1px&#8221; border_color_bottom=&#8221;#96c121&#8243; border_style_bottom=&#8221;dotted&#8221; global_colors_info=&#8221;{%22gcid-3339e92a-edfd-4272-bb8f-f7f19d1e01ae%22:%91%22header_text_color%22%93}&#8221;][\/et_pb_blurb][et_pb_blog posts_number=&#8221;2&#8243; include_categories=&#8221;422&#8243; excerpt_length=&#8221;100&#8243; show_author=&#8221;off&#8221; show_date=&#8221;off&#8221; show_categories=&#8221;off&#8221; show_pagination=&#8221;off&#8221; module_class=&#8221;left-blog-image&#8221; _builder_version=&#8221;4.27.4&#8243; _module_preset=&#8221;default&#8221; header_text_color=&#8221;gcid-3339e92a-edfd-4272-bb8f-f7f19d1e01ae&#8221; header_font_size=&#8221;23px&#8221; body_text_color=&#8221;#000000&#8243; meta_font=&#8221;|600|||||||&#8221; meta_text_align=&#8221;left&#8221; meta_text_color=&#8221;#318dde&#8221; read_more_font=&#8221;|300|||||||&#8221; read_more_text_color=&#8221;#318dde&#8221; custom_margin=&#8221;||30px||false|false&#8221; custom_padding=&#8221;||30px||false|false&#8221; global_colors_info=&#8221;{%22gcid-3339e92a-edfd-4272-bb8f-f7f19d1e01ae%22:%91%22header_text_color%22%93}&#8221;][\/et_pb_blog][et_pb_button button_url=&#8221;@ET-DC@eyJkeW5hbWljIjp0cnVlLCJjb250ZW50IjoicG9zdF9saW5rX3VybF9wYWdlIiwic2V0dGluZ3MiOnsicG9zdF9pZCI6Ijc3MjYifX0=@&#8221; button_text=&#8221;See all the news&#8221; button_alignment=&#8221;right&#8221; _builder_version=&#8221;4.27.4&#8243; _dynamic_attributes=&#8221;button_url&#8221; _module_preset=&#8221;default&#8221; custom_button=&#8221;on&#8221; button_text_size=&#8221;16px&#8221; button_border_width=&#8221;1px&#8221; button_border_color=&#8221;#96c121&#8243; button_border_radius=&#8221;30px&#8221; positioning=&#8221;absolute&#8221; position_origin_a=&#8221;bottom_right&#8221; position_origin_f=&#8221;bottom_center&#8221; custom_margin=&#8221;30px||||false|false&#8221; hover_enabled=&#8221;0&#8243; global_colors_info=&#8221;{}&#8221; button_bg_color__hover_enabled=&#8221;on|desktop&#8221; button_bg_color__hover=&#8221;#98caec&#8221; button_bg_enable_color__hover=&#8221;on&#8221; sticky_enabled=&#8221;0&#8243;][\/et_pb_button][\/et_pb_column][\/et_pb_row][\/et_pb_section]<\/p>\n","protected":false},"excerpt":{"rendered":"<p>IN-HOUSE MANUFACTURE | EQUIPMENT | DECONTAMINATION SHOWERSRLM \u2013 650 \u2013 Pass Through automatic water decontamination shower cabin, specially designed as an entry and exit barrier for personnel in controlled contamination areas, biosafety laboratories, animal facilities\u2026 It is designed in compliance with all European safety regulations and with CE marking.The fully automated cabin aids the entry [&hellip;]<\/p>\n","protected":false},"author":6,"featured_media":9205,"parent":0,"menu_order":0,"comment_status":"closed","ping_status":"closed","template":"","meta":{"_et_pb_use_builder":"on","_et_pb_old_content":"","_et_gb_content_width":"","footnotes":""},"class_list":["post-987498922","page","type-page","status-publish","has-post-thumbnail","hentry"],"_links":{"self":[{"href":"https:\/\/albian.es\/en\/wp-json\/wp\/v2\/pages\/987498922","targetHints":{"allow":["GET"]}}],"collection":[{"href":"https:\/\/albian.es\/en\/wp-json\/wp\/v2\/pages"}],"about":[{"href":"https:\/\/albian.es\/en\/wp-json\/wp\/v2\/types\/page"}],"author":[{"embeddable":true,"href":"https:\/\/albian.es\/en\/wp-json\/wp\/v2\/users\/6"}],"replies":[{"embeddable":true,"href":"https:\/\/albian.es\/en\/wp-json\/wp\/v2\/comments?post=987498922"}],"version-history":[{"count":6,"href":"https:\/\/albian.es\/en\/wp-json\/wp\/v2\/pages\/987498922\/revisions"}],"predecessor-version":[{"id":987499594,"href":"https:\/\/albian.es\/en\/wp-json\/wp\/v2\/pages\/987498922\/revisions\/987499594"}],"wp:featuredmedia":[{"embeddable":true,"href":"https:\/\/albian.es\/en\/wp-json\/wp\/v2\/media\/9205"}],"wp:attachment":[{"href":"https:\/\/albian.es\/en\/wp-json\/wp\/v2\/media?parent=987498922"}],"curies":[{"name":"wp","href":"https:\/\/api.w.org\/{rel}","templated":true}]}}